{"id":5,"date":"2015-07-07T13:39:09","date_gmt":"2015-07-07T13:39:09","guid":{"rendered":"http:\/\/farmacies.ecoceutics.com\/?page_id=5"},"modified":"2016-11-30T10:38:57","modified_gmt":"2016-11-30T10:38:57","slug":"home","status":"publish","type":"page","link":"https:\/\/www.farmaciasofialopez.com\/es\/","title":{"rendered":"Home"},"content":{"rendered":"<section class=\"wpb-content-wrapper\"><p>[vc_row has_content=&#8221;true&#8221; css=&#8221;.vc_custom_1436281408427{margin-top: -60px !important;margin-bottom: 0px !important;}&#8221;][vc_column width=&#8221;1\/1&#8243;][rev_slider_vc alias=&#8221;slider-ecoceutics-farmacies&#8221;][\/vc_column][\/vc_row][vc_row has_content=&#8221;inside&#8221; id=&#8221;banners&#8221;][vc_column width=&#8221;1\/3&#8243;][vc_column_text]<a href=\"\/es\/contactar\"><img loading=\"lazy\" decoding=\"async\" class=\"alignnone size-full wp-image-240\" src=\"http:\/\/www.farmaciasofialopez.com\/es\/wp-content\/uploads\/sites\/6\/2015\/09\/banner-on-estem-es.jpg\" alt=\"banner-on-estem-es\" width=\"720\" height=\"536\" srcset=\"https:\/\/www.farmaciasofialopez.com\/es\/wp-content\/uploads\/sites\/6\/2015\/09\/banner-on-estem-es.jpg 720w, https:\/\/www.farmaciasofialopez.com\/es\/wp-content\/uploads\/sites\/6\/2015\/09\/banner-on-estem-es-300x223.jpg 300w, https:\/\/www.farmaciasofialopez.com\/es\/wp-content\/uploads\/sites\/6\/2015\/09\/banner-on-estem-es-370x275.jpg 370w, https:\/\/www.farmaciasofialopez.com\/es\/wp-content\/uploads\/sites\/6\/2015\/09\/banner-on-estem-es-360x267.jpg 360w\" sizes=\"auto, (max-width: 720px) 100vw, 720px\" \/><\/a><a href=\"\/es\/contactar\"><img loading=\"lazy\" decoding=\"async\" class=\"alignnone wp-image-239 size-full\" src=\"http:\/\/www.farmaciasofialopez.com\/es\/wp-content\/uploads\/sites\/6\/2015\/09\/banner-tensalgunaconsulta-es.jpg\" alt=\"banner-tensalgunaconsulta-es\" width=\"720\" height=\"536\" srcset=\"https:\/\/www.farmaciasofialopez.com\/es\/wp-content\/uploads\/sites\/6\/2015\/09\/banner-tensalgunaconsulta-es.jpg 720w, https:\/\/www.farmaciasofialopez.com\/es\/wp-content\/uploads\/sites\/6\/2015\/09\/banner-tensalgunaconsulta-es-300x223.jpg 300w, https:\/\/www.farmaciasofialopez.com\/es\/wp-content\/uploads\/sites\/6\/2015\/09\/banner-tensalgunaconsulta-es-370x275.jpg 370w, https:\/\/www.farmaciasofialopez.com\/es\/wp-content\/uploads\/sites\/6\/2015\/09\/banner-tensalgunaconsulta-es-360x267.jpg 360w\" sizes=\"auto, (max-width: 720px) 100vw, 720px\" \/><\/a>[\/vc_column_text][\/vc_column][vc_column width=&#8221;1\/3&#8243;][vc_column_text]<a href=\"http:\/\/www.farmaciasofialopez.com\/es\/encargos-24-horas\/\"><img loading=\"lazy\" decoding=\"async\" class=\"alignnone wp-image-11 size-full\" src=\"http:\/\/www.farmaciasofialopez.com\/es\/wp-content\/uploads\/sites\/6\/2015\/09\/banner-encarrecs-es.jpg\" alt=\"banner-encarrecs-es\" width=\"720\" height=\"536\" \/><\/a><a href=\"http:\/\/fidfarma.ecoceutics.com\/club\/\" target=\"_blank\"><img loading=\"lazy\" decoding=\"async\" class=\"alignnone wp-image-12 size-full\" src=\"http:\/\/www.farmaciasofialopez.com\/es\/wp-content\/uploads\/sites\/6\/2015\/09\/banner-club-ecoceutics-es.jpg\" alt=\"banner-club-ecoceutics\" width=\"720\" height=\"536\" \/><\/a>[\/vc_column_text][\/vc_column][vc_column width=&#8221;1\/3&#8243;][vc_column_text]<a href=\"http:\/\/www.farmaciasofialopez.com\/es\/wp-content\/uploads\/sites\/6\/2015\/09\/banner-targetaclient-es.jpg\"><img loading=\"lazy\" decoding=\"async\" class=\"alignnone size-full wp-image-238\" src=\"http:\/\/www.farmaciasofialopez.com\/es\/wp-content\/uploads\/sites\/6\/2015\/09\/banner-targetaclient-es.jpg\" alt=\"banner-targetaclient-es\" width=\"720\" height=\"536\" srcset=\"https:\/\/www.farmaciasofialopez.com\/es\/wp-content\/uploads\/sites\/6\/2015\/09\/banner-targetaclient-es.jpg 720w, https:\/\/www.farmaciasofialopez.com\/es\/wp-content\/uploads\/sites\/6\/2015\/09\/banner-targetaclient-es-300x223.jpg 300w, https:\/\/www.farmaciasofialopez.com\/es\/wp-content\/uploads\/sites\/6\/2015\/09\/banner-targetaclient-es-370x275.jpg 370w, https:\/\/www.farmaciasofialopez.com\/es\/wp-content\/uploads\/sites\/6\/2015\/09\/banner-targetaclient-es-360x267.jpg 360w\" sizes=\"auto, (max-width: 720px) 100vw, 720px\" \/><\/a><a href=\"\/es\/farmacies-de-guardia\"><img loading=\"lazy\" decoding=\"async\" class=\"alignnone size-full wp-image-277\" src=\"http:\/\/www.farmaciasofialopez.com\/es\/wp-content\/uploads\/sites\/6\/2015\/07\/banner-farmacies-de-guardia-es.jpg\" alt=\"banner-farmacies-de-guardia-es\" width=\"720\" height=\"536\" srcset=\"https:\/\/www.farmaciasofialopez.com\/es\/wp-content\/uploads\/sites\/6\/2015\/07\/banner-farmacies-de-guardia-es.jpg 720w, https:\/\/www.farmaciasofialopez.com\/es\/wp-content\/uploads\/sites\/6\/2015\/07\/banner-farmacies-de-guardia-es-300x223.jpg 300w, https:\/\/www.farmaciasofialopez.com\/es\/wp-content\/uploads\/sites\/6\/2015\/07\/banner-farmacies-de-guardia-es-370x275.jpg 370w, https:\/\/www.farmaciasofialopez.com\/es\/wp-content\/uploads\/sites\/6\/2015\/07\/banner-farmacies-de-guardia-es-360x267.jpg 360w\" sizes=\"auto, (max-width: 720px) 100vw, 720px\" \/><\/a>[\/vc_column_text][\/vc_column][\/vc_row][vc_row has_content=&#8221;true&#8221; css=&#8221;.vc_custom_1436349171857{margin-top: 40px !important;margin-bottom: 40px !important;}&#8221;][vc_column width=&#8221;1\/2&#8243;][heading size=&#8221;1&#8243; heading_class=&#8221;content_heading&#8221;]<strong>CONTACTA CON NOSOTROS<\/strong>[\/heading][vc_column_text][heading size=&#8221;2&#8243; heading_class=&#8221;content_heading&#8221; h_id=&#8221;&#8221; h_class=&#8221;&#8221;]Farmacia Sofia L\u00f2pez[\/heading]<\/p>\n<p>Avinguda Sarri\u00e0, 31 \u00b7 08029 Barcelona<\/p>\n<p>Tel\u00e9fonos +34 934 30 26 47 \/ +34 934 30 50 04<img loading=\"lazy\" decoding=\"async\" class=\"icon-formulari alignright wp-image-71 size-full\" src=\"http:\/\/www.farmaciasofialopez.com\/es\/wp-content\/uploads\/sites\/6\/2015\/07\/icon-formulari.png\" alt=\"icon-formulari\" width=\"247\" height=\"215\" \/><\/p>\n<p><a href=\"mailto:info@farmaciasofialopez.com\">info@farmaciasofialopez.com<\/a><\/p>\n<p>&nbsp;<\/p>\n<p>[heading size=&#8221;2&#8243; heading_class=&#8221;content_heading&#8221; h_id=&#8221;&#8221; h_class=&#8221;&#8221;]Horario[\/heading]<\/p>\n<p><strong>Lunes a domingo<\/strong><br \/>\n9:00 a 22:00 h<\/p>\n<p><strong>365 d\u00edas del a\u00f1o<br \/>\nIncluidos domingos y festivos<\/strong>[\/vc_column_text][\/vc_column][vc_column width=&#8221;1\/2&#8243;]\n<div class=\"wpcf7 no-js\" id=\"wpcf7-f4-o1\" lang=\"ca\" dir=\"ltr\" data-wpcf7-id=\"4\">\n<div class=\"screen-reader-response\"><p role=\"status\" aria-live=\"polite\" aria-atomic=\"true\"><\/p> <ul><\/ul><\/div>\n<form action=\"\/es\/wp-json\/wp\/v2\/pages\/5#wpcf7-f4-o1\" method=\"post\" class=\"wpcf7-form init\" aria-label=\"Formulari de contacte\" novalidate=\"novalidate\" data-status=\"init\">\n<fieldset class=\"hidden-fields-container\"><input type=\"hidden\" name=\"_wpcf7\" value=\"4\" \/><input type=\"hidden\" name=\"_wpcf7_version\" value=\"6.1.5\" \/><input type=\"hidden\" name=\"_wpcf7_locale\" value=\"ca\" \/><input type=\"hidden\" name=\"_wpcf7_unit_tag\" value=\"wpcf7-f4-o1\" \/><input type=\"hidden\" name=\"_wpcf7_container_post\" value=\"0\" \/><input type=\"hidden\" name=\"_wpcf7_posted_data_hash\" value=\"\" \/>\n<\/fieldset>\n<div class=\"columna1\">\n\t<p><span class=\"wpcf7-form-control-wrap\" data-name=\"nomicognoms\"><input size=\"40\" maxlength=\"400\" class=\"wpcf7-form-control wpcf7-text wpcf7-validates-as-required\" aria-required=\"true\" aria-invalid=\"false\" placeholder=\"Nombre y Apellidos *\" value=\"\" type=\"text\" name=\"nomicognoms\" \/><\/span>\n\t<\/p>\n<\/div>\n<div class=\"columna2\">\n\t<p><span class=\"wpcf7-form-control-wrap\" data-name=\"email\"><input size=\"40\" maxlength=\"400\" class=\"wpcf7-form-control wpcf7-text wpcf7-validates-as-required\" aria-required=\"true\" aria-invalid=\"false\" placeholder=\"Direcci\u00f3n electr\u00f3nica *\" value=\"\" type=\"text\" name=\"email\" \/><\/span>\n\t<\/p>\n<\/div>\n<div class=\"columna\">\n\t<p><span class=\"wpcf7-form-control-wrap\" data-name=\"comentari\"><textarea cols=\"40\" rows=\"10\" maxlength=\"2000\" class=\"wpcf7-form-control wpcf7-textarea wpcf7-validates-as-required\" aria-required=\"true\" aria-invalid=\"false\" placeholder=\"Comentario *\" name=\"comentari\"><\/textarea><\/span>\n\t<\/p>\n<\/div>\n<div class=\"espai\">\n<\/div>\n<div class=\"avislegal\">\n\t<p><strong>Aviso legal.-<\/strong> En virtud de lo dispuesto en la Llei 15\/1999, de 13 de diciembre, de Protecci\u00f3n de Datos de Car\u00e1cter Personal, le informamos que mediente el relleno y envio del presente formulario todos los datos personales facilitados ser\u00e1n tratados por la farmacia Sofia L\u00f3pez, propietaria de esta web, con la \u00fanica finalidad de prestar el servicio solicitado.\n\t<\/p>\n<\/div>\n<div class=\"espai\">\n<\/div>\n<p><span class=\"wpcf7-form-control-wrap\" data-name=\"avislegal\"><span class=\"wpcf7-form-control wpcf7-acceptance\"><span class=\"wpcf7-list-item\"><input type=\"checkbox\" name=\"avislegal\" value=\"1\" aria-invalid=\"false\" \/><\/span><\/span><\/span> He le\u00eddo y acepto el Aviso legal.\n<\/p>\n<div class=\"espai\">\n<\/div>\n<div class=\"espai\">\n<\/div>\n<p><span class=\"asterisc\"><em>* Campos obligatorios.<\/em><\/span>\n<\/p>\n<div class=\"espai\">\n<\/div>\n<p><input class=\"wpcf7-form-control wpcf7-submit has-spinner bt-enviar-formhome\" type=\"submit\" value=\"Enviar\" \/>\n<\/p><div class=\"wpcf7-response-output\" aria-hidden=\"true\"><\/div>\n<\/form>\n<\/div>\n[\/vc_column][\/vc_row][vc_row has_content=&#8221;false&#8221;][vc_column width=&#8221;1\/1&#8243;][google_maps_advanced zoom=&#8221;16&#8243;][google_maps_advanced_item pin=&#8221;61&#8243; info=&#8221;Farm\u00e0cia Sofia L\u00f2pez<br \/>\nAvinguda Sarri\u00e0, 31<br \/>\n08029 Barcelona&#8221;]Av. Sarri\u00e0, 31 08029 Barcelona[\/google_maps_advanced_item][\/google_maps_advanced][\/vc_column][\/vc_row]<\/p>\n<\/section>","protected":false},"excerpt":{"rendered":"<p>[vc_row has_content=&#8221;true&#8221; css=&#8221;.vc_custom_1436281408427{margin-top: -60px !important;margin-bottom: 0px !important;}&#8221;][vc_column width=&#8221;1\/1&#8243;][rev_slider_vc alias=&#8221;slider-ecoceutics-farmacies&#8221;][\/vc_column][\/vc_row][vc_row has_content=&#8221;inside&#8221; id=&#8221;banners&#8221;][vc_column width=&#8221;1\/3&#8243;][vc_column_text][\/vc_column_text][\/vc_column][vc_column width=&#8221;1\/3&#8243;][vc_column_text][\/vc_column_text][\/vc_column][vc_column width=&#8221;1\/3&#8243;][vc_column_text][\/vc_column_text][\/vc_column][\/vc_row][vc_row has_content=&#8221;true&#8221; css=&#8221;.vc_custom_1436349171857{margin-top: 40px !important;margin-bottom: 40px !important;}&#8221;][vc_column width=&#8221;1\/2&#8243;][heading size=&#8221;1&#8243; heading_class=&#8221;content_heading&#8221;]CONTACTA CON NOSOTROS[\/heading][vc_column_text][heading size=&#8221;2&#8243; heading_class=&#8221;content_heading&#8221; h_id=&#8221;&#8221; h_class=&#8221;&#8221;]Farmacia Sofia L\u00f2pez[\/heading] Avinguda Sarri\u00e0, 31 \u00b7 08029 Barcelona Tel\u00e9fonos +34 934&#8230;<\/p>\n","protected":false},"author":1,"featured_media":0,"parent":0,"menu_order":0,"comment_status":"open","ping_status":"open","template":"","meta":{"footnotes":""},"class_list":["post-5","page","type-page","status-publish","hentry"],"_links":{"self":[{"href":"https:\/\/www.farmaciasofialopez.com\/es\/wp-json\/wp\/v2\/pages\/5","targetHints":{"allow":["GET"]}}],"collection":[{"href":"https:\/\/www.farmaciasofialopez.com\/es\/wp-json\/wp\/v2\/pages"}],"about":[{"href":"https:\/\/www.farmaciasofialopez.com\/es\/wp-json\/wp\/v2\/types\/page"}],"author":[{"embeddable":true,"href":"https:\/\/www.farmaciasofialopez.com\/es\/wp-json\/wp\/v2\/users\/1"}],"replies":[{"embeddable":true,"href":"https:\/\/www.farmaciasofialopez.com\/es\/wp-json\/wp\/v2\/comments?post=5"}],"version-history":[{"count":37,"href":"https:\/\/www.farmaciasofialopez.com\/es\/wp-json\/wp\/v2\/pages\/5\/revisions"}],"predecessor-version":[{"id":279,"href":"https:\/\/www.farmaciasofialopez.com\/es\/wp-json\/wp\/v2\/pages\/5\/revisions\/279"}],"wp:attachment":[{"href":"https:\/\/www.farmaciasofialopez.com\/es\/wp-json\/wp\/v2\/media?parent=5"}],"curies":[{"name":"wp","href":"https:\/\/api.w.org\/{rel}","templated":true}]}}