{"id":37,"date":"2015-07-08T08:01:44","date_gmt":"2015-07-08T08:01:44","guid":{"rendered":"http:\/\/farmacies.ecoceutics.com\/?page_id=37"},"modified":"2020-03-16T08:36:43","modified_gmt":"2020-03-16T08:36:43","slug":"aviso-legal","status":"publish","type":"page","link":"https:\/\/www.farmaciasofialopez.com\/es\/aviso-legal\/","title":{"rendered":"Aviso legal"},"content":{"rendered":"<section class=\"wpb-content-wrapper\"><p>[vc_row full_width=&#8221;&#8221; parallax=&#8221;&#8221; parallax_image=&#8221;&#8221; has_content=&#8221;true&#8221;][vc_column width=&#8221;1\/1&#8243;][heading size=&#8221;1&#8243; heading_class=&#8221;content_heading&#8221;]<strong>Informaci\u00f3n b\u00e1sica<\/strong>[\/heading][vc_column_text]<\/p>\n<table style=\"height: 610px\" width=\"566\">\n<tbody>\n<tr>\n<td colspan=\"2\" width=\"265\"><strong>INFORMACI\u00d3N B\u00c1SICA SOBRE PROTECCI\u00d3N DE DATOS <\/strong><\/td>\n<\/tr>\n<tr>\n<td width=\"139\">\n<table>\n<tbody>\n<tr>\n<td><strong><em>Responsable<\/em><\/strong><\/td>\n<\/tr>\n<\/tbody>\n<\/table>\n<\/td>\n<td width=\"125\">SOFIA LOPEZ RODRIGUEZ<\/td>\n<\/tr>\n<tr>\n<td width=\"139\">\n<table>\n<tbody>\n<tr>\n<td><strong><em>Finalidad<\/em><\/strong><\/td>\n<\/tr>\n<\/tbody>\n<\/table>\n<\/td>\n<td width=\"125\">La atenci\u00f3n de solicitudes de diversa \u00edndole por parte del Usuario<\/td>\n<\/tr>\n<tr>\n<td width=\"139\">\n<table>\n<tbody>\n<tr>\n<td><strong><em>Legitimaci\u00f3n<\/em><\/strong><\/td>\n<\/tr>\n<\/tbody>\n<\/table>\n<\/td>\n<td width=\"125\">Consentimiento del interesado.<\/td>\n<\/tr>\n<tr>\n<td width=\"139\">\n<table>\n<tbody>\n<tr>\n<td><strong><em>Destinatarios<\/em><\/strong><\/td>\n<\/tr>\n<\/tbody>\n<\/table>\n<\/td>\n<td width=\"125\">Otras empresas del grupo.<\/p>\n<p>Encargados de Tratamiento dentro o fuera de la UE, acogido a \u201cPrivacyShield\u201d.<\/td>\n<\/tr>\n<tr>\n<td width=\"139\">\n<table>\n<tbody>\n<tr>\n<td><strong><em>Derechos<\/em><\/strong><\/td>\n<\/tr>\n<\/tbody>\n<\/table>\n<\/td>\n<td width=\"125\">Acceder, rectificar y suprimir los datos, as\u00ed como otros derechos, como se explica en la informaci\u00f3n adicional<\/td>\n<\/tr>\n<tr>\n<td width=\"139\">\n<table>\n<tbody>\n<tr>\n<td><strong><em>Informaci\u00f3n adicional<\/em><\/strong><\/td>\n<\/tr>\n<\/tbody>\n<\/table>\n<\/td>\n<td width=\"125\">Puede consultar la informaci\u00f3n adicional y detallada sobre Protecci\u00f3n de Datos en nuestra p\u00e1gina web:<\/p>\n<p>www.farmaciasofialopez.com<\/p>\n<p>&nbsp;<\/td>\n<\/tr>\n<\/tbody>\n<\/table>\n<p>[\/vc_column_text][heading size=&#8221;1&#8243; heading_class=&#8221;content_heading&#8221;]<strong>2. INFORMACI\u00d3N ADICIONAL<\/strong>[\/heading][vc_column_text]Las presente Pol\u00edtica de Protecci\u00f3n de datos regula el tratamiento de datos personales facilitados por el Usuario a trav\u00e9s del portal de Internet (en adelante, el \u201cPortal\u201d) que SOFIA LOPEZ RODRIGUEZ pone a disposici\u00f3n de los usuarios de Internet. La presente Pol\u00edtica forma parte integrante del\u00a0<a href=\"https:\/\/home.kpmg.com\/es\/es\/home\/misc\/aviso-legal.html\">Aviso Legal<\/a>\u00a0accesible en todo momento desde el Portal.<\/p>\n<p>El Usuario garantiza que los datos aportados son verdaderos, exactos, completos y actualizados, siendo responsable de cualquier da\u00f1o o perjuicio, directo o indirecto, que pudiera ocasionarse como consecuencia del incumplimiento de tal obligaci\u00f3n. En el caso de que los datos aportados pertenecieran a un tercero, el Usuario garantiza que ha informado a dicho tercero de los aspectos contenidos en este documento y obtenido su autorizaci\u00f3n para facilitar sus datos a SOFIA LOPEZ RODRIGUEZpara los fines se\u00f1alados.<\/p>\n<p>El Portal puede ofrecer funcionalidades para compartir contenidos a trav\u00e9s de aplicaciones de terceros, como Facebook o Twitter. Estas aplicaciones pueden recoger y tratar informaci\u00f3n relacionada con la navegaci\u00f3n del usuario en los diferentes sitios webs. Cualquier informaci\u00f3n personal que se recabada a trav\u00e9s de estas aplicaciones, puede ser utilizada por terceros usuarios de las mismas, y sus interacciones est\u00e1n sometidas a las pol\u00edticas de privacidad de las compa\u00f1\u00edas que facilitan las aplicaciones.<\/p>\n<p>El Portal puede alojar blogs, foros, y otras aplicaciones o servicios de redes sociales con la finalidad de facilitar el intercambio de conocimiento y contenido. Cualquier informaci\u00f3n personal que se facilite por el usuario puede ser compartida con otros usuarios de ese servicio, sobre los cuales SOFIA LOPEZ RODRIGUEZ no tiene control alguno.<\/p>\n<p>Con objeto de ofrecer informaci\u00f3n o servicios de inter\u00e9s en funci\u00f3n de la localizaci\u00f3n del Usuario, SOFIA LOPEZ RODRIGUEZ podr\u00e1 acceder a datos relativos a la geolocalizaci\u00f3n del dispositivo del Usuario, en aquellos casos en que la configuraci\u00f3n del usuario al efecto as\u00ed lo permita.<\/p>\n<p>A efectos de seguridad t\u00e9cnica y diagn\u00f3stico de sistemas, de forma anonimizada o agregada, SOFIA LOPEZ RODRIGUEZ podr\u00e1 registrar la direcci\u00f3n IP (n\u00famero de identificaci\u00f3n del acceso a Internet del dispositivo, que permite a los dispositivos, sistemas y servidores reconocerse y comunicarse entre s\u00ed). Dicha informaci\u00f3n podr\u00e1 ser tambi\u00e9n empleada con finalidades anal\u00edticas de rendimiento web.[\/vc_column_text][heading size=&#8221;1&#8243; heading_class=&#8221;content_heading&#8221;]<strong>2.1.\u00bfQUI\u00c9N ES EL RESPONSABLE DEL TRATAMIENTO DE LOS DATOS PERSONALES DEL USUARIO?<\/strong>[\/heading][vc_column_text]<strong>IDENTIDAD:<\/strong>\u00a0SOFIA LOPEZ RODRIGUEZ<\/p>\n<p><strong>DIRECCI\u00d3N POSTAL:<\/strong>\u00a0Avinguda Sarri\u00e0, 31\u00a008029,Barcelona<\/p>\n<p><strong>TEL\u00c9FONO:<\/strong><strong>\u00a0<\/strong>934 30 26 47<\/p>\n<p><strong>CORREO ELECTR\u00d3NICO:<\/strong><strong>\u00a0<\/strong>info@farmaciasofialopez.com[\/vc_column_text][heading size=&#8221;1&#8243; heading_class=&#8221;content_heading&#8221;]<strong>2.2. \u00bfCON QU\u00c9 FINALIDAD TRATAMOS LOS DATOS PERSONALES DEL USUARIO?<\/strong>[\/heading][vc_column_text]SOFIA LOPEZ RODRIGUEZ trata la informaci\u00f3n facilitada por el Usuario con el fin de atender las solicitudes de diversa \u00edndole llevadas a cabo por parte de este. En funci\u00f3n de la naturaleza de la solicitud, la finalidad perseguir\u00e1 la gesti\u00f3n de:<\/p>\n<ol>\n<li>La participaci\u00f3n en las redes sociales como en Facebook, mediante comentarios de los Usuarios.<\/li>\n<li>La participaci\u00f3n en blogs, mediante comentarios de los Usuarios.<\/li>\n<li>Comunicaciones electr\u00f3nicas de naturaleza informativa, de acuerdo con sus intereses.<\/li>\n<\/ol>\n<p>SOFIA LOPEZ RODRIGUEZ podr\u00e1 elaborar un perfil comercial, con base en la informaci\u00f3n facilitada. No se tomar\u00e1n decisiones automatizadas con base en dicho perfil.<\/p>\n<p>En el supuesto de que el Usuario se registre en el Portal a trav\u00e9s del login social, SOFIA LOPEZ RODRIGUEZ \u00fanicamente acceder\u00e1 a los datos personales del Usuario para los que haya prestado su consentimiento durante la configuraci\u00f3n del acceso de la red social de que se trate. Cualquier informaci\u00f3n facilitada en conexi\u00f3n con dichas aplicaciones sociales podr\u00eda ser accedida por miembros de la correspondiente red social, dichas interacciones se regir\u00e1n por las pol\u00edticas de privacidad de las entidades prestadoras de los servicios. SOFIA LOPEZ RODRIGUEZno dispone de ning\u00fan control ni responsabilidad respecto de dichas entidades o del uso que realicen de la informaci\u00f3n del usuario.[\/vc_column_text][heading size=&#8221;1&#8243; heading_class=&#8221;content_heading&#8221; h_id=&#8221;&#8221; h_class=&#8221;&#8221;]<strong>2.2.1. INFORMACI\u00d3N ACERCA DEL TRATAMIENTO DE DATOS PARA ENV\u00cdO DE COMUNICACIONES DESDE SOFIA LOPEZ RODRIGUEZ<\/strong>[\/heading][vc_column_text]Los datos empleados, o facilitados, en las comunicaciones informativas y\/o promocionales son tratados por SOFIA LOPEZ RODRIGUEZ para finalidades consistentes en el env\u00edo electr\u00f3nico de informaci\u00f3n y comunicaciones sobre servicios, actividades, publicaciones y acontecimientos y profesionales de SOFIA LOPEZ RODRIGUEZ o del\u00a0 seguimiento y optimizaci\u00f3n de las campa\u00f1as de marketing realizadas mediante tecnolog\u00edas al efecto; y la elaboraci\u00f3n de perfiles con finalidades comerciales.<\/p>\n<p>El consentimiento para el env\u00edo de dichas comunicaciones podr\u00e1 ser revocado en todo momento en cada una de las comunicaciones recibidas mediante el mecanismo habilitado al efecto.<\/p>\n<p>El criterio de conservaci\u00f3n de los datos tendr\u00e1 base en la manifestaci\u00f3n contraria al tratamiento por su parte. En todo caso, Podr\u00e1 ejercer los derechos de acceso, rectificaci\u00f3n, limitaci\u00f3n, supresi\u00f3n, portabilidad y oposici\u00f3n, dirigiendo su petici\u00f3n a la direcci\u00f3n postal indicada m\u00e1s arriba o bien a trav\u00e9s de correo electr\u00f3nicoinfo@farmaciasofialopez.com.[\/vc_column_text][heading size=&#8221;1&#8243; heading_class=&#8221;content_heading&#8221;]<strong>2.3. \u00bfPOR CU\u00c1NTO TIEMPO CONSERVAREMOS LOS DATOS PERSONALES DEL USUARIO?<\/strong>[\/heading][vc_column_text]Con car\u00e1cter general, los datos personales proporcionados se conservar\u00e1n durante el tiempo necesario para atender la solicitud del Usuario o mientras no se solicite su supresi\u00f3n por el Usuario.[\/vc_column_text][heading size=&#8221;1&#8243; heading_class=&#8221;content_heading&#8221; h_id=&#8221;&#8221; h_class=&#8221;&#8221;]<strong>2.4. \u00bfCU\u00c1L ES LA LEGITIMACI\u00d3N PARA EL TRATAMIENTO DE LOS DATOS PERSONALES DEL USUARIO?<\/strong>[\/heading][vc_column_text]La base legal para el tratamiento de los datos es la legitimaci\u00f3n por consentimiento del Usuario.[\/vc_column_text][heading size=&#8221;1&#8243; heading_class=&#8221;content_heading&#8221;]<strong>2.5. \u00bfA QU\u00c9 DESTINATARIOS SE COMUNICAR\u00c1N LOS DATOS PERSONALES DEL USUARIO?<\/strong>[\/heading][vc_column_text]En aquellos casos en que el Usuario solicite, a trav\u00e9s de la web, propuesta de servicios, sus datos ser\u00e1n facilitados a encargados del tratamiento.<\/p>\n<p>As\u00ed mismo, los datos podr\u00e1n ser cedidos a administraciones y organismos p\u00fablicos para el cumplimiento de obligaciones directamente exigibles a SOFIA LOPEZ RODRIGUEZ.[\/vc_column_text][heading size=&#8221;1&#8243; heading_class=&#8221;content_heading&#8221;]<strong>2.6. \u00bfCU\u00c1LES SON LOS DERECHOS DEL USUARIO CUANDO NOS FACILITA SUS DATOS PERSONALES?<\/strong>[\/heading][vc_column_text]El Usuario tiene derecho a obtener confirmaci\u00f3n sobre si SOFIA LOPEZ RODRIGUEZ trata datos personales que le conciernen, as\u00ed como a acceder a sus datos personales, solicitar la rectificaci\u00f3n de los datos inexactos o, en su caso, solicitar su supresi\u00f3n cuando, entre otros motivos, los datos ya no sean necesarios para los fines que fueron recogidos.<\/p>\n<p>En determinadas circunstancias, el Usuario podr\u00e1 solicitar la limitaci\u00f3n del tratamiento de sus datos, en cuyo caso \u00fanicamente se conservar\u00e1n para el ejercicio o la defensa de reclamaciones.<\/p>\n<p>En determinadas circunstancias y por motivos relacionados con su situaci\u00f3n particular, el Usuario podr\u00e1 oponerse al tratamiento de sus datos. SOFIA LOPEZ RODRIGUEZ cesar\u00e1 en el tratamiento de los datos, salvo por motivos leg\u00edtimos imperiosos, o el ejercicio o la defensa de posibles reclamaciones.<\/p>\n<p>El Usuario podr\u00e1 plantear las cuestiones que considere en relaci\u00f3n a la presente Pol\u00edtica as\u00ed como ejercer sus derechos en los t\u00e9rminos legalmente previstos debiendo para ello dirigir una comunicaci\u00f3n mediante correo postal a: SOFIA LOPEZ RODRIGUEZ, Avinguda Sarri\u00e0, 31\u00a008029,Barcelona, o correo electr\u00f3nico a: info@farmaciasofialopez.com con indicaci\u00f3n de la solicitud correspondiente y acompa\u00f1ado de copia del DNI o documento acreditativo de la identidad.[\/vc_column_text][\/vc_column][\/vc_row]<\/p>\n<\/section>","protected":false},"excerpt":{"rendered":"<p>[vc_row full_width=&#8221;&#8221; parallax=&#8221;&#8221; parallax_image=&#8221;&#8221; has_content=&#8221;true&#8221;][vc_column width=&#8221;1\/1&#8243;][heading size=&#8221;1&#8243; heading_class=&#8221;content_heading&#8221;]Informaci\u00f3n b\u00e1sica[\/heading][vc_column_text] INFORMACI\u00d3N B\u00c1SICA SOBRE PROTECCI\u00d3N DE DATOS Responsable SOFIA LOPEZ RODRIGUEZ Finalidad La atenci\u00f3n de solicitudes de diversa \u00edndole por parte del Usuario Legitimaci\u00f3n Consentimiento del interesado. Destinatarios Otras empresas del grupo&#8230;.<\/p>\n","protected":false},"author":1,"featured_media":0,"parent":0,"menu_order":0,"comment_status":"open","ping_status":"open","template":"","meta":{"footnotes":""},"class_list":["post-37","page","type-page","status-publish","hentry"],"_links":{"self":[{"href":"https:\/\/www.farmaciasofialopez.com\/es\/wp-json\/wp\/v2\/pages\/37","targetHints":{"allow":["GET"]}}],"collection":[{"href":"https:\/\/www.farmaciasofialopez.com\/es\/wp-json\/wp\/v2\/pages"}],"about":[{"href":"https:\/\/www.farmaciasofialopez.com\/es\/wp-json\/wp\/v2\/types\/page"}],"author":[{"embeddable":true,"href":"https:\/\/www.farmaciasofialopez.com\/es\/wp-json\/wp\/v2\/users\/1"}],"replies":[{"embeddable":true,"href":"https:\/\/www.farmaciasofialopez.com\/es\/wp-json\/wp\/v2\/comments?post=37"}],"version-history":[{"count":9,"href":"https:\/\/www.farmaciasofialopez.com\/es\/wp-json\/wp\/v2\/pages\/37\/revisions"}],"predecessor-version":[{"id":284,"href":"https:\/\/www.farmaciasofialopez.com\/es\/wp-json\/wp\/v2\/pages\/37\/revisions\/284"}],"wp:attachment":[{"href":"https:\/\/www.farmaciasofialopez.com\/es\/wp-json\/wp\/v2\/media?parent=37"}],"curies":[{"name":"wp","href":"https:\/\/api.w.org\/{rel}","templated":true}]}}