{"id":35,"date":"2015-07-08T08:01:32","date_gmt":"2015-07-08T08:01:32","guid":{"rendered":"http:\/\/farmacies.ecoceutics.com\/?page_id=35"},"modified":"2015-09-30T12:21:21","modified_gmt":"2015-09-30T12:21:21","slug":"contactar","status":"publish","type":"page","link":"https:\/\/www.farmaciasofialopez.com\/es\/contactar\/","title":{"rendered":"Contactar"},"content":{"rendered":"<section class=\"wpb-content-wrapper\"><p>[vc_row full_width=&#8221;&#8221; parallax=&#8221;&#8221; parallax_image=&#8221;&#8221; has_content=&#8221;true&#8221;][vc_column width=&#8221;1\/4&#8243;][google_maps_advanced zoom=&#8221;16&#8243;][google_maps_advanced_item pin=&#8221;61&#8243; info=&#8221;Farmacia Sofia L\u00f2pez<br \/>\nAvinguda Sarri\u00e0, 31<br \/>\n08029 Barcelona&#8221;]Avinguda Sarri\u00e0, 31 08029 Barcelona[\/google_maps_advanced_item][\/google_maps_advanced][\/vc_column][vc_column width=&#8221;3\/4&#8243;][vc_column_text][heading size=&#8221;1&#8243; heading_class=&#8221;content_heading&#8221; h_id=&#8221;&#8221; h_class=&#8221;&#8221;]<strong>Farmacia Sofia L\u00f2pez<\/strong>[\/heading]<\/p>\n<p>Avinguda Sarri\u00e0, 31<br \/>\n08029 Barcelona<br \/>\nTel\u00e9fonos +34 934 30 26 47 \/ +34 934 30 50 04<br \/>\n<a href=\"mailto:info@farmaciasofialopez.com\">info@farmaciasofialopez.com<\/a>[\/vc_column_text][vc_empty_space height=&#8221;20px&#8221;][vc_column_text][heading size=&#8221;1&#8243; heading_class=&#8221;content_heading&#8221; h_id=&#8221;&#8221; h_class=&#8221;&#8221;]<strong>Horario<\/strong>[\/heading]<\/p>\n<p><strong>Lunes a domingo<\/strong><br \/>\n9:00 a 22:00 h<\/p>\n<p><strong>365 d\u00edas del a\u00f1o<br \/>\nIncluidos domingos y festivos<\/strong>[\/vc_column_text][vc_empty_space height=&#8221;20px&#8221;][vc_column_text]Contacte con nosotros para cualquier <strong>duda<\/strong> o <strong>sugerencia<\/strong>:[\/vc_column_text][vc_empty_space height=&#8221;10px&#8221;]\n<div class=\"wpcf7 no-js\" id=\"wpcf7-f103-o1\" lang=\"ca\" dir=\"ltr\" data-wpcf7-id=\"103\">\n<div class=\"screen-reader-response\"><p role=\"status\" aria-live=\"polite\" aria-atomic=\"true\"><\/p> <ul><\/ul><\/div>\n<form action=\"\/es\/wp-json\/wp\/v2\/pages\/35#wpcf7-f103-o1\" method=\"post\" class=\"wpcf7-form init\" aria-label=\"Formulari de contacte\" novalidate=\"novalidate\" data-status=\"init\">\n<fieldset class=\"hidden-fields-container\"><input type=\"hidden\" name=\"_wpcf7\" value=\"103\" \/><input type=\"hidden\" name=\"_wpcf7_version\" value=\"6.1.5\" \/><input type=\"hidden\" name=\"_wpcf7_locale\" value=\"ca\" \/><input type=\"hidden\" name=\"_wpcf7_unit_tag\" value=\"wpcf7-f103-o1\" \/><input type=\"hidden\" name=\"_wpcf7_container_post\" value=\"0\" \/><input type=\"hidden\" name=\"_wpcf7_posted_data_hash\" value=\"\" \/>\n<\/fieldset>\n<div class=\"columna1\">\n\t<p>Nombre y Apellidos <span class=\"asterisc\">*<\/span>\n\t<\/p>\n\t<p><span class=\"wpcf7-form-control-wrap\" data-name=\"nomicognoms\"><input size=\"40\" maxlength=\"400\" class=\"wpcf7-form-control wpcf7-text wpcf7-validates-as-required\" aria-required=\"true\" aria-invalid=\"false\" value=\"\" type=\"text\" name=\"nomicognoms\" \/><\/span>\n\t<\/p>\n<\/div>\n<div class=\"columna2\">\n\t<p>Direcci\u00f3n electr\u00f3nica <span class=\"asterisc\">*<\/span>\n\t<\/p>\n\t<p><span class=\"wpcf7-form-control-wrap\" data-name=\"email\"><input size=\"40\" maxlength=\"400\" class=\"wpcf7-form-control wpcf7-email wpcf7-validates-as-required wpcf7-text wpcf7-validates-as-email\" aria-required=\"true\" aria-invalid=\"false\" value=\"\" type=\"email\" name=\"email\" \/><\/span>\n\t<\/p>\n<\/div>\n<div class=\"columna\">\n\t<p>Comentario <span class=\"asterisc\">*<\/span>\n\t<\/p>\n\t<p><span class=\"wpcf7-form-control-wrap\" data-name=\"comentari\"><textarea cols=\"40\" rows=\"10\" maxlength=\"2000\" class=\"wpcf7-form-control wpcf7-textarea wpcf7-validates-as-required\" aria-required=\"true\" aria-invalid=\"false\" placeholder=\"Escriba aqu\u00ed...\" name=\"comentari\"><\/textarea><\/span>\n\t<\/p>\n<\/div>\n<div class=\"espai\">\n<\/div>\n<div class=\"avislegal\">\n\t<p><strong>Aviso legal.-<\/strong> En virtud de lo dispuesto en la Llei 15\/1999, de 13 de diciembre, de Protecci\u00f3n de Datos de Car\u00e1cter Personal, le informamos que mediente el relleno y envio del presente formulario todos los datos personales facilitados ser\u00e1n tratados por la farmacia Sofia L\u00f3pez, propietaria de esta web, con la \u00fanica finalidad de prestar el servicio solicitado.\n\t<\/p>\n<\/div>\n<div class=\"espai\">\n<\/div>\n<p><span class=\"wpcf7-form-control-wrap\" data-name=\"avislegal\"><span class=\"wpcf7-form-control wpcf7-acceptance\"><span class=\"wpcf7-list-item\"><input type=\"checkbox\" name=\"avislegal\" value=\"1\" aria-invalid=\"false\" \/><\/span><\/span><\/span> He le\u00eddo y acepto el Aviso legal.\n<\/p>\n<div class=\"espai\">\n<\/div>\n<div class=\"espai\">\n<\/div>\n<p><span class=\"asterisc\"><em>* Campos obligatorios.<\/em><\/span>\n<\/p>\n<div class=\"espai\">\n<\/div>\n<p><input class=\"wpcf7-form-control wpcf7-submit has-spinner\" type=\"submit\" value=\"Enviar\" \/>\n<\/p><div class=\"wpcf7-response-output\" aria-hidden=\"true\"><\/div>\n<\/form>\n<\/div>\n[\/vc_column][\/vc_row]<\/p>\n<\/section>","protected":false},"excerpt":{"rendered":"<p>[vc_row full_width=&#8221;&#8221; parallax=&#8221;&#8221; parallax_image=&#8221;&#8221; has_content=&#8221;true&#8221;][vc_column width=&#8221;1\/4&#8243;][google_maps_advanced zoom=&#8221;16&#8243;][google_maps_advanced_item pin=&#8221;61&#8243; info=&#8221;Farmacia Sofia L\u00f2pez Avinguda Sarri\u00e0, 31 08029 Barcelona&#8221;]Avinguda Sarri\u00e0, 31 08029 Barcelona[\/google_maps_advanced_item][\/google_maps_advanced][\/vc_column][vc_column width=&#8221;3\/4&#8243;][vc_column_text][heading size=&#8221;1&#8243; heading_class=&#8221;content_heading&#8221; h_id=&#8221;&#8221; h_class=&#8221;&#8221;]Farmacia Sofia L\u00f2pez[\/heading] Avinguda Sarri\u00e0, 31 08029 Barcelona Tel\u00e9fonos +34 934 30 26 47 \/ +34&#8230;<\/p>\n","protected":false},"author":1,"featured_media":0,"parent":0,"menu_order":0,"comment_status":"open","ping_status":"open","template":"","meta":{"footnotes":""},"class_list":["post-35","page","type-page","status-publish","hentry"],"_links":{"self":[{"href":"https:\/\/www.farmaciasofialopez.com\/es\/wp-json\/wp\/v2\/pages\/35","targetHints":{"allow":["GET"]}}],"collection":[{"href":"https:\/\/www.farmaciasofialopez.com\/es\/wp-json\/wp\/v2\/pages"}],"about":[{"href":"https:\/\/www.farmaciasofialopez.com\/es\/wp-json\/wp\/v2\/types\/page"}],"author":[{"embeddable":true,"href":"https:\/\/www.farmaciasofialopez.com\/es\/wp-json\/wp\/v2\/users\/1"}],"replies":[{"embeddable":true,"href":"https:\/\/www.farmaciasofialopez.com\/es\/wp-json\/wp\/v2\/comments?post=35"}],"version-history":[{"count":13,"href":"https:\/\/www.farmaciasofialopez.com\/es\/wp-json\/wp\/v2\/pages\/35\/revisions"}],"predecessor-version":[{"id":245,"href":"https:\/\/www.farmaciasofialopez.com\/es\/wp-json\/wp\/v2\/pages\/35\/revisions\/245"}],"wp:attachment":[{"href":"https:\/\/www.farmaciasofialopez.com\/es\/wp-json\/wp\/v2\/media?parent=35"}],"curies":[{"name":"wp","href":"https:\/\/api.w.org\/{rel}","templated":true}]}}