{"id":33,"date":"2015-07-08T08:01:18","date_gmt":"2015-07-08T08:01:18","guid":{"rendered":"http:\/\/farmacies.ecoceutics.com\/?page_id=33"},"modified":"2015-09-30T12:23:20","modified_gmt":"2015-09-30T12:23:20","slug":"horario","status":"publish","type":"page","link":"https:\/\/www.farmaciasofialopez.com\/es\/horario\/","title":{"rendered":"Horario"},"content":{"rendered":"<section class=\"wpb-content-wrapper\"><p>[vc_row full_width=&#8221;&#8221; parallax=&#8221;&#8221; parallax_image=&#8221;&#8221; has_content=&#8221;true&#8221;][vc_column width=&#8221;1\/4&#8243;][google_maps_advanced zoom=&#8221;16&#8243;][google_maps_advanced_item pin=&#8221;61&#8243; info=&#8221;Farmacia Sofia L\u00f2pez<br \/>\nAvinguda Sarri\u00e0, 31<br \/>\n08029 Barcelona&#8221;]Avinguda Sarri\u00e0, 31 08029 Barcelona[\/google_maps_advanced_item][\/google_maps_advanced][\/vc_column][vc_column width=&#8221;3\/4&#8243;][vc_column_text]<strong>Lunes a domingo<\/strong><br \/>\n9:00 a 22:00 h<\/p>\n<p>&nbsp;<\/p>\n<p><strong>365 d\u00edas del a\u00f1o<br \/>\nIncluidos domingos y festivos<\/strong>[\/vc_column_text][\/vc_column][\/vc_row]<\/p>\n<\/section>","protected":false},"excerpt":{"rendered":"<p>[vc_row full_width=&#8221;&#8221; parallax=&#8221;&#8221; parallax_image=&#8221;&#8221; has_content=&#8221;true&#8221;][vc_column width=&#8221;1\/4&#8243;][google_maps_advanced zoom=&#8221;16&#8243;][google_maps_advanced_item pin=&#8221;61&#8243; info=&#8221;Farmacia Sofia L\u00f2pez Avinguda Sarri\u00e0, 31 08029 Barcelona&#8221;]Avinguda Sarri\u00e0, 31 08029 Barcelona[\/google_maps_advanced_item][\/google_maps_advanced][\/vc_column][vc_column width=&#8221;3\/4&#8243;][vc_column_text]Lunes a domingo 9:00 a 22:00 h &nbsp; 365 d\u00edas del a\u00f1o Incluidos domingos y festivos[\/vc_column_text][\/vc_column][\/vc_row]<\/p>\n","protected":false},"author":1,"featured_media":0,"parent":0,"menu_order":0,"comment_status":"open","ping_status":"open","template":"","meta":{"footnotes":""},"class_list":["post-33","page","type-page","status-publish","hentry"],"_links":{"self":[{"href":"https:\/\/www.farmaciasofialopez.com\/es\/wp-json\/wp\/v2\/pages\/33","targetHints":{"allow":["GET"]}}],"collection":[{"href":"https:\/\/www.farmaciasofialopez.com\/es\/wp-json\/wp\/v2\/pages"}],"about":[{"href":"https:\/\/www.farmaciasofialopez.com\/es\/wp-json\/wp\/v2\/types\/page"}],"author":[{"embeddable":true,"href":"https:\/\/www.farmaciasofialopez.com\/es\/wp-json\/wp\/v2\/users\/1"}],"replies":[{"embeddable":true,"href":"https:\/\/www.farmaciasofialopez.com\/es\/wp-json\/wp\/v2\/comments?post=33"}],"version-history":[{"count":9,"href":"https:\/\/www.farmaciasofialopez.com\/es\/wp-json\/wp\/v2\/pages\/33\/revisions"}],"predecessor-version":[{"id":247,"href":"https:\/\/www.farmaciasofialopez.com\/es\/wp-json\/wp\/v2\/pages\/33\/revisions\/247"}],"wp:attachment":[{"href":"https:\/\/www.farmaciasofialopez.com\/es\/wp-json\/wp\/v2\/media?parent=33"}],"curies":[{"name":"wp","href":"https:\/\/api.w.org\/{rel}","templated":true}]}}