{"id":27,"date":"2015-07-08T08:00:30","date_gmt":"2015-07-08T08:00:30","guid":{"rendered":"http:\/\/farmacies.ecoceutics.com\/?page_id=27"},"modified":"2016-11-30T10:30:16","modified_gmt":"2016-11-30T10:30:16","slug":"servicios","status":"publish","type":"page","link":"https:\/\/www.farmaciasofialopez.com\/es\/servicios\/","title":{"rendered":"Servicios"},"content":{"rendered":"<section class=\"wpb-content-wrapper\"><p>[vc_row full_width=&#8221;&#8221; parallax=&#8221;&#8221; parallax_image=&#8221;&#8221; has_content=&#8221;true&#8221;][vc_column width=&#8221;1\/4&#8243;][vc_column_text]<img loading=\"lazy\" decoding=\"async\" class=\"alignnone size-full wp-image-221\" src=\"http:\/\/www.farmaciasofialopez.com\/es\/wp-content\/uploads\/sites\/6\/2015\/07\/img-serveis-1.jpg\" alt=\"img-serveis-1\" width=\"1024\" height=\"869\" srcset=\"https:\/\/www.farmaciasofialopez.com\/es\/wp-content\/uploads\/sites\/6\/2015\/07\/img-serveis-1.jpg 1024w, https:\/\/www.farmaciasofialopez.com\/es\/wp-content\/uploads\/sites\/6\/2015\/07\/img-serveis-1-300x255.jpg 300w, https:\/\/www.farmaciasofialopez.com\/es\/wp-content\/uploads\/sites\/6\/2015\/07\/img-serveis-1-370x314.jpg 370w, https:\/\/www.farmaciasofialopez.com\/es\/wp-content\/uploads\/sites\/6\/2015\/07\/img-serveis-1-360x306.jpg 360w\" sizes=\"auto, (max-width: 1024px) 100vw, 1024px\" \/><img loading=\"lazy\" decoding=\"async\" class=\"alignnone size-full wp-image-222\" src=\"http:\/\/www.farmaciasofialopez.com\/es\/wp-content\/uploads\/sites\/6\/2015\/07\/img-serveis-2.jpg\" alt=\"img-serveis-2\" width=\"1024\" height=\"869\" srcset=\"https:\/\/www.farmaciasofialopez.com\/es\/wp-content\/uploads\/sites\/6\/2015\/07\/img-serveis-2.jpg 1024w, https:\/\/www.farmaciasofialopez.com\/es\/wp-content\/uploads\/sites\/6\/2015\/07\/img-serveis-2-300x255.jpg 300w, https:\/\/www.farmaciasofialopez.com\/es\/wp-content\/uploads\/sites\/6\/2015\/07\/img-serveis-2-370x314.jpg 370w, https:\/\/www.farmaciasofialopez.com\/es\/wp-content\/uploads\/sites\/6\/2015\/07\/img-serveis-2-360x306.jpg 360w\" sizes=\"auto, (max-width: 1024px) 100vw, 1024px\" \/><img loading=\"lazy\" decoding=\"async\" class=\"alignnone size-full wp-image-223\" src=\"http:\/\/www.farmaciasofialopez.com\/es\/wp-content\/uploads\/sites\/6\/2015\/07\/img-serveis-3.jpg\" alt=\"img-serveis-3\" width=\"1024\" height=\"869\" srcset=\"https:\/\/www.farmaciasofialopez.com\/es\/wp-content\/uploads\/sites\/6\/2015\/07\/img-serveis-3.jpg 1024w, https:\/\/www.farmaciasofialopez.com\/es\/wp-content\/uploads\/sites\/6\/2015\/07\/img-serveis-3-300x255.jpg 300w, https:\/\/www.farmaciasofialopez.com\/es\/wp-content\/uploads\/sites\/6\/2015\/07\/img-serveis-3-370x314.jpg 370w, https:\/\/www.farmaciasofialopez.com\/es\/wp-content\/uploads\/sites\/6\/2015\/07\/img-serveis-3-360x306.jpg 360w\" sizes=\"auto, (max-width: 1024px) 100vw, 1024px\" \/><img loading=\"lazy\" decoding=\"async\" class=\"alignnone size-full wp-image-224\" src=\"http:\/\/www.farmaciasofialopez.com\/es\/wp-content\/uploads\/sites\/6\/2015\/07\/img-serveis-4.jpg\" alt=\"img-serveis-4\" width=\"1024\" height=\"869\" srcset=\"https:\/\/www.farmaciasofialopez.com\/es\/wp-content\/uploads\/sites\/6\/2015\/07\/img-serveis-4.jpg 1024w, https:\/\/www.farmaciasofialopez.com\/es\/wp-content\/uploads\/sites\/6\/2015\/07\/img-serveis-4-300x255.jpg 300w, https:\/\/www.farmaciasofialopez.com\/es\/wp-content\/uploads\/sites\/6\/2015\/07\/img-serveis-4-370x314.jpg 370w, https:\/\/www.farmaciasofialopez.com\/es\/wp-content\/uploads\/sites\/6\/2015\/07\/img-serveis-4-360x306.jpg 360w\" sizes=\"auto, (max-width: 1024px) 100vw, 1024px\" \/>[\/vc_column_text][\/vc_column][vc_column width=&#8221;3\/4&#8243;][heading size=&#8221;1&#8243; heading_class=&#8221;content_heading&#8221;]<strong>Test de intolerancia alimentaria<\/strong>[\/heading][heading size=&#8221;1&#8243; heading_class=&#8221;content_heading&#8221;]<strong>Test de celiaqu\u00eda<\/strong>[\/heading][heading size=&#8221;1&#8243; heading_class=&#8221;content_heading&#8221;]<strong>Test de estr\u00e9s oxidativo Oxytest<\/strong>[\/heading][heading size=&#8221;1&#8243; heading_class=&#8221;content_heading&#8221;]<strong>Test de \u00e1cidos grasos omega 3 y omega 6<\/strong>[\/heading][heading size=&#8221;1&#8243; heading_class=&#8221;content_heading&#8221;]<strong><em>Coaching<\/em> nutricional y asesoramietno diet\u00e9tico<\/strong>[\/heading][heading size=&#8221;1&#8243; heading_class=&#8221;content_heading&#8221;]<strong>An\u00e1lisis de composici\u00f3n coporal y medida de par\u00e1metros biom\u00e9tricos<\/strong>[\/heading][heading size=&#8221;1&#8243; heading_class=&#8221;content_heading&#8221;]<strong>Asesoramiento en dietas vegetarianas<\/strong>[\/heading][heading size=&#8221;1&#8243; heading_class=&#8221;content_heading&#8221;]<strong>Deshabituaci\u00f3n tab\u00e1quica<\/strong>[\/heading][heading size=&#8221;1&#8243; heading_class=&#8221;content_heading&#8221;]<strong>Plantas medicinales y herborister\u00eda<\/strong>[\/heading][heading size=&#8221;1&#8243; heading_class=&#8221;content_heading&#8221;]<strong>Flores de Bach<\/strong>[\/heading][heading size=&#8221;1&#8243; heading_class=&#8221;content_heading&#8221;]<strong>Homeopat\u00eda<\/strong>[\/heading][heading size=&#8221;1&#8243; heading_class=&#8221;content_heading&#8221;]<strong>Asesoramiento <em>anti-aging<\/em><\/strong>[\/heading][heading size=&#8221;1&#8243; heading_class=&#8221;content_heading&#8221;]<strong>Nutrici\u00f3n para deportistas<\/strong>[\/heading][vc_column_text]Somos especilistas en nutrici\u00f3n deportiva y complementos para deportistas. P\u00eddenos consejo.[\/vc_column_text][heading size=&#8221;1&#8243; heading_class=&#8221;content_heading&#8221;]<strong>Dermoanalizadores y asesoramiento cosm\u00e9tico<\/strong>[\/heading][vc_column_text]Analizamos las necesidades de tu piel con dos dispositivos de alta tecnolog\u00eda: <a href=\"http:\/\/www.ioma-paris.com\/es\/technology-and-science\/our-devices\/ioma-sphere\/\" target=\"_blank\">Ioma Sphere<\/a> e <a href=\"http:\/\/www.ioma-paris.com\/es\/technology-and-science\/our-devices\/ioma-link\/\" target=\"_blank\">Ioma Link<\/a>. Tenemos una dermoconsejera especializada. P\u00eddenos hora.[\/vc_column_text][heading size=&#8221;1&#8243; heading_class=&#8221;content_heading&#8221;]<strong>Atenci\u00f3n farmac\u00e9utica y seguimiento farmacoterap\u00e9utico<\/strong>[\/heading][heading size=&#8221;1&#8243; heading_class=&#8221;content_heading&#8221;]<strong>SPD: Servicio de dosificaci\u00f3n personalizada<\/strong>[\/heading][heading size=&#8221;1&#8243; heading_class=&#8221;content_heading&#8221;]<strong>Mediciones de glucosa, colesterol y otros par\u00e1metros sangu\u00edneos<\/strong>[\/heading][heading size=&#8221;1&#8243; heading_class=&#8221;content_heading&#8221;]<strong>Control de la presi\u00f3n arterial<\/strong>[\/heading][heading size=&#8221;1&#8243; heading_class=&#8221;content_heading&#8221;]<strong>Consultas personalizadas<\/strong>[\/heading][heading size=&#8221;1&#8243; heading_class=&#8221;content_heading&#8221;]<strong>Tarjeta cliente<\/strong>[\/heading][vc_column_text]Pide tu tarjeta cliente y obtendr\u00e1s las mejores ventajas, descuentos y promociones en tus compras de productos de parafarmacia.[\/vc_column_text][heading size=&#8221;1&#8243; heading_class=&#8221;content_heading&#8221;]<strong>Nutrici\u00f3n y complementos infantiles<\/strong>[\/heading][heading size=&#8221;1&#8243; heading_class=&#8221;content_heading&#8221;]<strong>\u00a1Cuidamos a las nuevas mamis!<\/strong>[\/heading][vc_column_text]Te obsequiamos con una agenda de embarazo. No dudes en pedirnos consejo sobre los mejores productos para cuidarte a ti y a tu beb\u00e9.[\/vc_column_text][\/vc_column][\/vc_row]<\/p>\n<\/section>","protected":false},"excerpt":{"rendered":"<p>[vc_row full_width=&#8221;&#8221; parallax=&#8221;&#8221; parallax_image=&#8221;&#8221; has_content=&#8221;true&#8221;][vc_column width=&#8221;1\/4&#8243;][vc_column_text][\/vc_column_text][\/vc_column][vc_column width=&#8221;3\/4&#8243;][heading size=&#8221;1&#8243; heading_class=&#8221;content_heading&#8221;]Test de intolerancia alimentaria[\/heading][heading size=&#8221;1&#8243; heading_class=&#8221;content_heading&#8221;]Test de celiaqu\u00eda[\/heading][heading size=&#8221;1&#8243; heading_class=&#8221;content_heading&#8221;]Test de estr\u00e9s oxidativo Oxytest[\/heading][heading size=&#8221;1&#8243; heading_class=&#8221;content_heading&#8221;]Test de \u00e1cidos grasos omega 3 y omega 6[\/heading][heading size=&#8221;1&#8243; heading_class=&#8221;content_heading&#8221;]Coaching nutricional y asesoramietno diet\u00e9tico[\/heading][heading size=&#8221;1&#8243; heading_class=&#8221;content_heading&#8221;]An\u00e1lisis&#8230;<\/p>\n","protected":false},"author":1,"featured_media":0,"parent":0,"menu_order":0,"comment_status":"open","ping_status":"open","template":"","meta":{"footnotes":""},"class_list":["post-27","page","type-page","status-publish","hentry"],"_links":{"self":[{"href":"https:\/\/www.farmaciasofialopez.com\/es\/wp-json\/wp\/v2\/pages\/27","targetHints":{"allow":["GET"]}}],"collection":[{"href":"https:\/\/www.farmaciasofialopez.com\/es\/wp-json\/wp\/v2\/pages"}],"about":[{"href":"https:\/\/www.farmaciasofialopez.com\/es\/wp-json\/wp\/v2\/types\/page"}],"author":[{"embeddable":true,"href":"https:\/\/www.farmaciasofialopez.com\/es\/wp-json\/wp\/v2\/users\/1"}],"replies":[{"embeddable":true,"href":"https:\/\/www.farmaciasofialopez.com\/es\/wp-json\/wp\/v2\/comments?post=27"}],"version-history":[{"count":10,"href":"https:\/\/www.farmaciasofialopez.com\/es\/wp-json\/wp\/v2\/pages\/27\/revisions"}],"predecessor-version":[{"id":274,"href":"https:\/\/www.farmaciasofialopez.com\/es\/wp-json\/wp\/v2\/pages\/27\/revisions\/274"}],"wp:attachment":[{"href":"https:\/\/www.farmaciasofialopez.com\/es\/wp-json\/wp\/v2\/media?parent=27"}],"curies":[{"name":"wp","href":"https:\/\/api.w.org\/{rel}","templated":true}]}}