{"id":232,"date":"2015-09-30T11:15:29","date_gmt":"2015-09-30T11:15:29","guid":{"rendered":"http:\/\/farmacies.ecoceutics.com\/sofia_lopez_es\/?page_id=232"},"modified":"2015-09-30T11:15:29","modified_gmt":"2015-09-30T11:15:29","slug":"politica-de-cookies","status":"publish","type":"page","link":"https:\/\/www.farmaciasofialopez.com\/es\/politica-de-cookies\/","title":{"rendered":"Pol\u00edtica de cookies"},"content":{"rendered":"<section class=\"wpb-content-wrapper\"><p>[vc_row full_width=&#8221;&#8221; parallax=&#8221;&#8221; parallax_image=&#8221;&#8221; has_content=&#8221;true&#8221;][vc_column width=&#8221;1\/1&#8243;][vc_column_text]Una galeta \u00e9s un fitxer que es descarrega a l\u2019ordinador de l\u2019usuari quan accedeix a determinades p\u00e0gines web. Les galetes permeten a una p\u00e0gina web, entre altres coses, emmagatzemar i recuperar informaci\u00f3 sobre els h\u00e0bits de navegaci\u00f3 d&#8217;un usuari o del seu equip. Depenent de la informaci\u00f3 que continguin i de la forma en qu\u00e8 s\u2019utilitzi el seu equip es poden utilitzar per recon\u00e8ixer l\u2019usuari. El navegador de l&#8217;usuari memoritza galetes al disc dur nom\u00e9s durant la sessi\u00f3 actual ocupant un espai de mem\u00f2ria m\u00ednim sense perjudicar a l&#8217;ordinador. Les galetes no contenen cap mena d&#8217;informaci\u00f3 personal espec\u00edfica i la majoria de les mateixes s&#8217;esborren del disc dur en finalitzar la sessi\u00f3 des del navegador (les anomenades galetes de sessi\u00f3).<\/p>\n<p>La majoria dels navegadors accepten les galetes i, amb independ\u00e8ncia de les mateixes, permeten o impedeixen, la configuraci\u00f3 de seguretat de les galetes temporals o memoritzades.<\/p>\n<p>Sense el consentiment expr\u00e9s de l\u2019usuari (mitjan\u00e7ant l&#8217;activaci\u00f3 de les galetes al seu navegador) <a href=\"http:\/\/www.farmaciasofialopez.com\" target=\"_blank\">www.farmaciasofialopez.com<\/a> no enlla\u00e7ar\u00e0 les dades personals memoritzades de l\u2019usuari generades en el moment del registre a les galetes.[\/vc_column_text][heading size=&#8221;1&#8243; heading_class=&#8221;content_heading&#8221;]<strong>Quins tipus de galetes utilitza www.farmaciasofialopez.com?<\/strong>[\/heading][vc_column_text]<strong>Galetes t\u00e8cniques:<\/strong> S\u00f3n aquelles que permeten a l&#8217;usuari la navegaci\u00f3 a trav\u00e9s d&#8217;una p\u00e0gina web, plataforma o aplicaci\u00f3 i la utilitzaci\u00f3 de les diferents opcions o serveis que en ella hi hagi com, per exemple, controlar el tr\u00e0nsit i la comunicaci\u00f3 de dades, identificar la sessi\u00f3, accedir a parts d&#8217;acc\u00e9s restringit, recordar els elements que integren una comanda, realitzar el proc\u00e9s de compra d&#8217;una comanda, realitzar la sol\u2022licitud d&#8217;inscripci\u00f3 o participaci\u00f3 en un esdeveniment, utilitzar elements de seguretat durant la navegaci\u00f3, emmagatzemar continguts per a la difusi\u00f3 de v\u00eddeos o so o compartir continguts a trav\u00e9s de xarxes socials.<\/p>\n<p><strong>Galetes de personalitzaci\u00f3:<\/strong> S\u00f3n aquelles que permeten a l&#8217;usuari accedir al servei amb algunes caracter\u00edstiques de car\u00e0cter general predefinides en funci\u00f3 d&#8217;una s\u00e8rie de criteris en el terminal de l&#8217;usuari com l&#8217;idioma, el tipus de navegador i configuraci\u00f3 regional a trav\u00e9s del qual s\u2019accedeix al servei, etc.<\/p>\n<p><strong>Galetes d&#8217;an\u00e0lisi:<\/strong> S\u00f3n aquelles que ben tractades per <a href=\"http:\/\/www.farmaciasofialopez.com\" target=\"_blank\">www.farmaciasofialopez.com<\/a> o per tercers, permeten quantificar el nombre d&#8217;usuaris i realitzar aix\u00ed la mesura i l\u2019an\u00e0lisi estad\u00edstic de la utilitzaci\u00f3 que fan els usuaris del servei ofert. Per a aix\u00f2 s&#8217;analitza la seva navegaci\u00f3 a <a href=\"http:\/\/www.farmaciasofialopez.com\" target=\"_blank\">www.farmaciasofialopez.com<\/a> per tal de millorar l&#8217;oferta de productes o serveis que s\u2019ofereixen.<\/p>\n<p><strong>Galetes publicit\u00e0ries:<\/strong> S\u00f3n aquelles que, ben tractades per <a href=\"http:\/\/www.farmaciasofialopez.com\" target=\"_blank\">www.farmaciasofialopez.com<\/a> o per tercers, permeten gestionar de forma \u00f2ptima l&#8217;oferta dels espais publicitaris que hi ha a la p\u00e0gina web, adequant el contingut de l&#8217;anunci al contingut del servei sol\u2022licitat o a l&#8217;\u00fas que realitzi de la p\u00e0gina web. Per a aix\u00f2 es poden analitzar els h\u00e0bits de navegaci\u00f3 de l\u2019usuari a Internet i conseq\u00fcentment mostrar publicitat relacionada amb perfil de navegaci\u00f3 d\u2019aquest.<\/p>\n<p><strong>Galetes de publicitat comportamental:<\/strong> S\u00f3n aquelles que permeten la gesti\u00f3 de forma \u00f2ptima dels espais publicitaris que, si s\u2019escau, l&#8217;editor ha incl\u00f2s en una p\u00e0gina web, aplicaci\u00f3 o plataforma des de la qual presta el servei sol\u2022licitat. Aquestes galetes emmagatzemen informaci\u00f3 del comportament dels usuaris obtinguda a trav\u00e9s de l&#8217;observaci\u00f3 continuada dels seus h\u00e0bits de navegaci\u00f3, el que permet desenvolupar un perfil espec\u00edfic per mostrar publicitat en funci\u00f3 del mateix.<\/p>\n<p><strong>Galetes de tercers:<\/strong> La web de <a href=\"http:\/\/www.farmaciasofialopez.com\" target=\"_blank\">www.farmaciasofialopez.com<\/a> pot utilitzar serveis de tercers que, per compte de Google, recopilaran informaci\u00f3 amb fins estad\u00edstics, d&#8217;\u00fas del Site per part de l&#8217;usuari i per a la prestaci\u00f3 d&#8217;altres serveis relacionats amb l&#8217;activitat del lloc web i altres serveis d&#8217;Internet. En particular, aquest lloc web utilitza Google Analytics, un servei anal\u00edtic de web prestat per Google, Inc. amb domicili als Estats Units amb seu central a 1600 Amphitheatre Parkway, Mountain View, Calif\u00f2rnia 94043. Per a la prestaci\u00f3 d&#8217;aquests serveis, aquests utilitzen galetes que recopilen la informaci\u00f3, inclosa l&#8217;adre\u00e7a IP de l&#8217;usuari, que ser\u00e0 transmesa, tractada i emmagatzemada per Google en els termes fixats en la web Google.com. Incloent la possible transmissi\u00f3 d&#8217;aquesta informaci\u00f3 a tercers per raons d&#8217;exig\u00e8ncia legal o quan aquests tercers processin la informaci\u00f3 per compte de Google.[\/vc_column_text][\/vc_column][\/vc_row]<\/p>\n<\/section>","protected":false},"excerpt":{"rendered":"<p>[vc_row full_width=&#8221;&#8221; parallax=&#8221;&#8221; parallax_image=&#8221;&#8221; has_content=&#8221;true&#8221;][vc_column width=&#8221;1\/1&#8243;][vc_column_text]Una galeta \u00e9s un fitxer que es descarrega a l\u2019ordinador de l\u2019usuari quan accedeix a determinades p\u00e0gines web. Les galetes permeten a una p\u00e0gina web, entre altres coses, emmagatzemar i recuperar informaci\u00f3 sobre els h\u00e0bits&#8230;<\/p>\n","protected":false},"author":1,"featured_media":0,"parent":0,"menu_order":0,"comment_status":"open","ping_status":"open","template":"","meta":{"footnotes":""},"class_list":["post-232","page","type-page","status-publish","hentry"],"_links":{"self":[{"href":"https:\/\/www.farmaciasofialopez.com\/es\/wp-json\/wp\/v2\/pages\/232","targetHints":{"allow":["GET"]}}],"collection":[{"href":"https:\/\/www.farmaciasofialopez.com\/es\/wp-json\/wp\/v2\/pages"}],"about":[{"href":"https:\/\/www.farmaciasofialopez.com\/es\/wp-json\/wp\/v2\/types\/page"}],"author":[{"embeddable":true,"href":"https:\/\/www.farmaciasofialopez.com\/es\/wp-json\/wp\/v2\/users\/1"}],"replies":[{"embeddable":true,"href":"https:\/\/www.farmaciasofialopez.com\/es\/wp-json\/wp\/v2\/comments?post=232"}],"version-history":[{"count":1,"href":"https:\/\/www.farmaciasofialopez.com\/es\/wp-json\/wp\/v2\/pages\/232\/revisions"}],"predecessor-version":[{"id":233,"href":"https:\/\/www.farmaciasofialopez.com\/es\/wp-json\/wp\/v2\/pages\/232\/revisions\/233"}],"wp:attachment":[{"href":"https:\/\/www.farmaciasofialopez.com\/es\/wp-json\/wp\/v2\/media?parent=232"}],"curies":[{"name":"wp","href":"https:\/\/api.w.org\/{rel}","templated":true}]}}